{"id":44,"date":"2019-11-21T16:14:31","date_gmt":"2019-11-21T16:14:31","guid":{"rendered":"https:\/\/interbeheer.aquatechnics.be\/home\/"},"modified":"2020-02-18T15:59:03","modified_gmt":"2020-02-18T15:59:03","slug":"home","status":"publish","type":"page","link":"https:\/\/www.intergestion.be\/fr\/","title":{"rendered":"Home"},"content":{"rendered":"<p><div class=\"fusion-fullwidth fullwidth-box fusion-builder-row-1 hundred-percent-fullwidth non-hundred-percent-height-scrolling\" style=\"background-color: rgba(255,255,255,0);background-position: center center;background-repeat: no-repeat;padding-top:0px;padding-right:0px;padding-bottom:0px;padding-left:0px;margin-bottom: 0px;margin-top: 0px;border-width: 0px 0px 0px 0px;border-color:#eae9e9;border-style:solid;\" ><div class=\"fusion-builder-row fusion-row\"><div class=\"fusion-layout-column fusion_builder_column fusion-builder-column-0 fusion_builder_column_1_6 1_6 fusion-one-sixth fusion-column-first\" style=\"width:16.666666666667%;width:calc(16.666666666667% - ( ( 4% + 4% ) * 0.16666666666667 ) );margin-right: 4%;margin-top:0px;margin-bottom:20px;\"><div class=\"fusion-column-wrapper fusion-flex-column-wrapper-legacy\" style=\"background-position:left top;background-repeat:no-repeat;-webkit-background-size:cover;-moz-background-size:cover;-o-background-size:cover;background-size:cover;padding: 0px 0px 0px 0px;\"><span class=\" fusion-imageframe imageframe-none imageframe-1 hover-type-none\"><img decoding=\"async\" width=\"300\" height=\"300\" title=\"Logo 300&#215;300\" src=\"https:\/\/www.intergestion.be\/wp-content\/uploads\/\/2020\/02\/Logo-300x300-1-300x300.png\" class=\"img-responsive wp-image-95\" srcset=\"https:\/\/www.intergestion.be\/wp-content\/uploads\/2020\/02\/Logo-300x300-1-200x200.png 200w, https:\/\/www.intergestion.be\/wp-content\/uploads\/2020\/02\/Logo-300x300-1.png 300w\" sizes=\"(max-width: 800px) 100vw, 200px\" \/><\/span><div class=\"fusion-clearfix\"><\/div><\/div><\/div><div class=\"fusion-layout-column fusion_builder_column fusion-builder-column-1 fusion_builder_column_2_3 2_3 fusion-two-third\" style=\"width:66.666666666667%;width:calc(66.666666666667% - ( ( 4% + 4% ) * 0.66666666666667 ) );margin-right: 4%;margin-top:0px;margin-bottom:20px;\"><div class=\"fusion-column-wrapper fusion-flex-column-wrapper-legacy\" style=\"background-position:left top;background-repeat:no-repeat;-webkit-background-size:cover;-moz-background-size:cover;-o-background-size:cover;background-size:cover;padding: 0px 0px 0px 0px;\"><style type=\"text\/css\"><\/style><div class=\"fusion-title title fusion-title-1 fusion-sep-none fusion-title-text fusion-title-size-one\" style=\"margin-top:0px;margin-right:0px;margin-bottom:31px;margin-left:0px;\"><h1 class=\"title-heading-left\" style=\"margin:0;\">INTERGESTION, avec une exp\u00e9rience de plus de 50 ans comme syndic<\/h1><\/div><div class=\"fusion-text fusion-text-1\"><p>Bienvenu sur le site d\u2019INTERGESTION.<\/p>\n<p>Comme syndic nous sommes sp\u00e9cialis\u00e9s dans la gestion d\u2019immeubles, aussi bien d\u2019immeubles d\u2019appartements que d\u2019immeubles de bureaux. Comme r\u00e9gisseur nous nous occupons de la gestion administrative quotidienne, ainsi que de la gestion technique et financi\u00e8re de votre portefeuille immobilier<\/p>\n<p>Nous nous occupons \u00e9galement de l\u2019achat et la vente de b\u00e2timents r\u00e9sidentiels et industriels.<\/p>\n<p>Avec notre exp\u00e9rience de plus de 50 ans. Nous poss\u00e9dons tous les atouts pour vous offrir une solution appropri\u00e9e et professionnelle.<\/p>\n<p>Ceux qui choisissent de vivre dans un appartement, choisissent une communaut\u00e9 qui est soumise \u00e0 de nombreuses r\u00e8gles et coutumes En tant que gestionnaire de la propri\u00e9t\u00e9 communautaire., nous jouons un r\u00f4le crucial dans la cohabitation sous un m\u00eame toit.<\/p>\n<p>Cordialement,<br \/>\n<strong>INTERGESTION<\/strong><\/p>\n<\/div><div class=\"fusion-clearfix\"><\/div><\/div><\/div><div class=\"fusion-layout-column fusion_builder_column fusion-builder-column-2 fusion_builder_column_1_6 1_6 fusion-one-sixth fusion-column-last\" style=\"width:16.666666666667%;width:calc(16.666666666667% - ( ( 4% + 4% ) * 0.16666666666667 ) );margin-top:0px;margin-bottom:20px;\"><div class=\"fusion-column-wrapper fusion-flex-column-wrapper-legacy\" style=\"background-position:left top;background-repeat:no-repeat;-webkit-background-size:cover;-moz-background-size:cover;-o-background-size:cover;background-size:cover;padding: 0px 0px 0px 0px;\"><div class=\"fusion-clearfix\"><\/div><\/div><\/div><\/div><\/div><div class=\"fusion-fullwidth fullwidth-box fusion-builder-row-2 nonhundred-percent-fullwidth non-hundred-percent-height-scrolling\" style=\"background-color: rgba(255,255,255,0);background-position: center center;background-repeat: no-repeat;padding-top:0px;padding-right:0px;padding-bottom:0px;padding-left:0px;margin-bottom: 0px;margin-top: 0px;border-width: 0px 0px 0px 0px;border-color:#eae9e9;border-style:solid;\" ><div class=\"fusion-builder-row fusion-row\"><div class=\"fusion-layout-column fusion_builder_column fusion-builder-column-3 fusion_builder_column_1_3 1_3 fusion-one-third fusion-column-first\" style=\"width:33.333333333333%;width:calc(33.333333333333% - ( ( 4% + 4% ) * 0.33333333333333 ) );margin-right: 4%;margin-top:0px;margin-bottom:20px;\"><div class=\"fusion-column-wrapper fusion-flex-column-wrapper-legacy\" style=\"background-position:left top;background-repeat:no-repeat;-webkit-background-size:cover;-moz-background-size:cover;-o-background-size:cover;background-size:cover;padding: 0px 0px 0px 0px;\"><style type=\"text\/css\"><\/style><div class=\"fusion-title title fusion-title-2 fusion-sep-none fusion-title-text fusion-title-size-three\" style=\"margin-top:0px;margin-right:0px;margin-bottom:31px;margin-left:0px;\"><h3 class=\"title-heading-left\" style=\"margin:0;\">Gestion administrative<\/h3><\/div><div class=\"fusion-text fusion-text-2\"><p>La mission du syndic est surtout la connaissance du dossier de base. En \u00e9troite collaboration avec le conseil de copropri\u00e9t\u00e9, le syndic organise les assembl\u00e9es g\u00e9n\u00e9rales, leur convocation et la r\u00e9daction du proc\u00e8s-verbal.<\/p>\n<p>Le syndic assure et ex\u00e9cute chaque d\u00e9cision de l\u2019assembl\u00e9e g\u00e9n\u00e9rale.<\/p>\n<p>Nous vous tenons \u00e9galement au courant des nouvelles lois.<\/p>\n<\/div><div class=\"fusion-clearfix\"><\/div><\/div><\/div><div class=\"fusion-layout-column fusion_builder_column fusion-builder-column-4 fusion_builder_column_1_3 1_3 fusion-one-third\" style=\"width:33.333333333333%;width:calc(33.333333333333% - ( ( 4% + 4% ) * 0.33333333333333 ) );margin-right: 4%;margin-top:0px;margin-bottom:20px;\"><div class=\"fusion-column-wrapper fusion-flex-column-wrapper-legacy\" style=\"background-position:left top;background-repeat:no-repeat;-webkit-background-size:cover;-moz-background-size:cover;-o-background-size:cover;background-size:cover;padding: 0px 0px 0px 0px;\"><style type=\"text\/css\"><\/style><div class=\"fusion-title title fusion-title-3 fusion-sep-none fusion-title-text fusion-title-size-three\" style=\"margin-top:0px;margin-right:0px;margin-bottom:31px;margin-left:0px;\"><h3 class=\"title-heading-left\" style=\"margin:0;\">Gestion financi\u00e9re<\/h3><\/div><div class=\"fusion-text fusion-text-3\"><p>Nous assurons un suivi financier correct ensemble avec une comptabilit\u00e9 transparente, ils sont les meilleurs atout d\u2019une bonne gestion.<\/p>\n<p>Comme syndic c\u2019est notre priorit\u00e9 que chaque propri\u00e9taire ai la possibilit\u00e9 de voir son propre compte, ainsi que les charges de la copropri\u00e9t\u00e9, imput\u00e9es et pay\u00e9es, soient visible on-line via notre site internet.<\/p>\n<p>Les appels de provision sont mensuels ou trimestriels et les d\u00e9comptes de l\u2019ann\u00e9e comptable sont annuellement transmis aux copropri\u00e9taires ensemble avec les d\u00e9comptes d\u00e9taill\u00e9s des charges.<\/p>\n<\/div><div class=\"fusion-clearfix\"><\/div><\/div><\/div><div class=\"fusion-layout-column fusion_builder_column fusion-builder-column-5 fusion_builder_column_1_3 1_3 fusion-one-third fusion-column-last\" style=\"width:33.333333333333%;width:calc(33.333333333333% - ( ( 4% + 4% ) * 0.33333333333333 ) );margin-top:0px;margin-bottom:20px;\"><div class=\"fusion-column-wrapper fusion-flex-column-wrapper-legacy\" style=\"background-position:left top;background-repeat:no-repeat;-webkit-background-size:cover;-moz-background-size:cover;-o-background-size:cover;background-size:cover;padding: 0px 0px 0px 0px;\"><style type=\"text\/css\"><\/style><div class=\"fusion-title title fusion-title-4 fusion-sep-none fusion-title-text fusion-title-size-three\" style=\"margin-top:0px;margin-right:0px;margin-bottom:31px;margin-left:0px;\"><h3 class=\"title-heading-left\" style=\"margin:0;\">Gestion technique<\/h3><\/div><div class=\"fusion-text fusion-text-4\"><p>La mission du syndic, c\u2019est avant tout veiller au bon fonctionnement de toutes les installations et \u00e9quipements collectifs de la copropri\u00e9t\u00e9.<\/p>\n<p>Pour ce faire et dans une stricte ma\u00eetrise des co\u00fbts de fonctionnement, votre gestionnaire anticipe les travaux \u00e0 r\u00e9aliser, assure le suivi d\u2019ex\u00e9cution des travaux urgents et n\u00e9cessaires.<\/p>\n<p>Il assure \u00e9galement le suivi des contrats d\u2019entretien et d\u2019approvisionnement.<\/p>\n<p>Le suivi des contrat d\u2019assurance, ainsi que le suivi des dossiers sinistres font \u00e9galement parti de notre mission<\/p>\n<p>Parce que les contraintes techniques dans une copropri\u00e9t\u00e9 le n\u00e9cessitent, un service d\u2019urgence 24\/24 est mis \u00e0 votre disposition.<\/p>\n<\/div><div class=\"fusion-clearfix\"><\/div><\/div><\/div><\/div><\/div><\/p>\n","protected":false},"excerpt":{"rendered":"","protected":false},"author":1,"featured_media":0,"parent":0,"menu_order":0,"comment_status":"closed","ping_status":"closed","template":"100-width.php","meta":{"footnotes":""},"class_list":["post-44","page","type-page","status-publish","hentry"],"_links":{"self":[{"href":"https:\/\/www.intergestion.be\/fr\/wp-json\/wp\/v2\/pages\/44","targetHints":{"allow":["GET"]}}],"collection":[{"href":"https:\/\/www.intergestion.be\/fr\/wp-json\/wp\/v2\/pages"}],"about":[{"href":"https:\/\/www.intergestion.be\/fr\/wp-json\/wp\/v2\/types\/page"}],"author":[{"embeddable":true,"href":"https:\/\/www.intergestion.be\/fr\/wp-json\/wp\/v2\/users\/1"}],"replies":[{"embeddable":true,"href":"https:\/\/www.intergestion.be\/fr\/wp-json\/wp\/v2\/comments?post=44"}],"version-history":[{"count":5,"href":"https:\/\/www.intergestion.be\/fr\/wp-json\/wp\/v2\/pages\/44\/revisions"}],"predecessor-version":[{"id":107,"href":"https:\/\/www.intergestion.be\/fr\/wp-json\/wp\/v2\/pages\/44\/revisions\/107"}],"wp:attachment":[{"href":"https:\/\/www.intergestion.be\/fr\/wp-json\/wp\/v2\/media?parent=44"}],"curies":[{"name":"wp","href":"https:\/\/api.w.org\/{rel}","templated":true}]}}